{"id":3909,"date":"2024-07-25T09:13:09","date_gmt":"2024-07-25T08:13:09","guid":{"rendered":"https:\/\/www.chamonix-planet.fr\/?post_type=product&#038;p=3909"},"modified":"2024-07-25T09:13:10","modified_gmt":"2024-07-25T08:13:10","slug":"easyclix-2","status":"publish","type":"product","link":"https:\/\/www.chamonix-planet.fr\/en\/produit\/easyclix-2\/","title":{"rendered":"Easyclix"},"content":{"rendered":"<h2><b><strong>Services and products<\/strong><\/b><\/h2>\n<p>See the range of products and services on the <u>Easyclix website<\/u>.<\/p>\n<ol>\n<li><b><strong>Computer and hardware repairs<\/strong><\/b> Whether you are facing software or hardware problems, St\u00e9phane has the skills needed to diagnose and solve all types of problems. In the event of a virus, Easyclix cleans your computer and recovers damaged data.<\/li>\n<li><b><strong>Expert advice:<\/strong><\/b> Beyond simple repairs, Easyclix advises you on hardware. Easyclix helps customers choose the best equipment, or optimise the performance of their existing hardware.<\/li>\n<li><b><strong>Computer sales:<\/strong><\/b> The Easyclix shop offers a varied selection of new and used computers. Each machine is carefully inspected, updated and prepared to guarantee customer satisfaction.<\/li>\n<li><b><strong>Hardware:<\/strong><\/b> In addition to computers, the shop offers a wide range of accessories and peripherals, software, and other equipment to complement or enhance your workspace.<\/li>\n<li><b><strong>Fast Service:<\/strong><\/b> Aware of the importance of IT tools in everyday life, the Easyclix team is committed to providing fast services so that customers in Chamonix can get their equipment back in record time. Easyclix can also intervene on request in the Mont Blanc valley (Vallorcine, Argenti\u00e8re, Les Houches, Servoz) or in Passy.<\/li>\n<li><b><strong>Data security:<\/strong><\/b> Easyclix understands the value of data. That&#8217;s why they place the utmost importance on backing up, recovering and protecting their customers&#8217; data during the repair process.<\/li>\n<\/ol>\n<h2><b><strong>Why choose Easyclix?<\/strong><\/b><\/h2>\n<p>Easyclix is more than just a repair shop in Chamonix. St\u00e9phane tries to solve any computer problem. The ultimate goal is customer satisfaction. With a customer-focused approach, unrivalled expertise and a reputation built on trust, Easyclix is undeniably the shop for all your IT needs in Chamonix.<\/p>\n","protected":false},"excerpt":{"rendered":"<p>Located in the heart of Chamonix, Easyclix is the undisputed leader in computer repairs. St\u00e9phane has years of experience and a passion for computers. Easyclix can repair and refurbish all types of computer: PC, Apple Mac OS or Linux systems.<\/p>\n","protected":false},"featured_media":3910,"comment_status":"open","ping_status":"closed","template":"","meta":{"_acf_changed":false,"site-sidebar-layout":"default","site-content-layout":"","ast-site-content-layout":"default","site-content-style":"default","site-sidebar-style":"default","ast-global-header-display":"","ast-banner-title-visibility":"","ast-main-header-display":"","ast-hfb-above-header-display":"","ast-hfb-below-header-display":"","ast-hfb-mobile-header-display":"","site-post-title":"","ast-breadcrumbs-content":"","ast-featured-img":"","footer-sml-layout":"","ast-disable-related-posts":"","theme-transparent-header-meta":"default","adv-header-id-meta":"","stick-header-meta":"default","header-above-stick-meta":"","header-main-stick-meta":"","header-below-stick-meta":"","astra-migrate-meta-layouts":"set","ast-page-background-enabled":"default","ast-page-background-meta":{"desktop":{"background-color":"var(--ast-global-color-4)","background-image":"","background-repeat":"repeat","background-position":"center center","background-size":"auto","background-attachment":"scroll","background-type":"","background-media":"","overlay-type":"","overlay-color":"","overlay-opacity":"","overlay-gradient":""},"tablet":{"background-color":"","background-image":"","background-repeat":"repeat","background-position":"center center","background-size":"auto","background-attachment":"scroll","background-type":"","background-media":"","overlay-type":"","overlay-color":"","overlay-opacity":"","overlay-gradient":""},"mobile":{"background-color":"","background-image":"","background-repeat":"repeat","background-position":"center center","background-size":"auto","background-attachment":"scroll","background-type":"","background-media":"","overlay-type":"","overlay-color":"","overlay-opacity":"","overlay-gradient":""}},"ast-content-background-meta":{"desktop":{"background-color":"var(--ast-global-color-5)","background-image":"","background-repeat":"repeat","background-position":"center center","background-size":"auto","background-attachment":"scroll","background-type":"","background-media":"","overlay-type":"","overlay-color":"","overlay-opacity":"","overlay-gradient":""},"tablet":{"background-color":"var(--ast-global-color-5)","background-image":"","background-repeat":"repeat","background-position":"center center","background-size":"auto","background-attachment":"scroll","background-type":"","background-media":"","overlay-type":"","overlay-color":"","overlay-opacity":"","overlay-gradient":""},"mobile":{"background-color":"var(--ast-global-color-5)","background-image":"","background-repeat":"repeat","background-position":"center center","background-size":"auto","background-attachment":"scroll","background-type":"","background-media":"","overlay-type":"","overlay-color":"","overlay-opacity":"","overlay-gradient":""}}},"product_brand":[],"product_cat":[233],"product_tag":[],"class_list":{"0":"post-3909","1":"product","2":"type-product","3":"status-publish","4":"has-post-thumbnail","6":"product_cat-it","7":"desktop-align-center","8":"tablet-align-left","9":"mobile-align-left","10":"ast-product-gallery-layout-horizontal-slider","11":"ast-product-gallery-with-no-image","12":"ast-product-tabs-layout-horizontal","14":"first","15":"instock","16":"shipping-taxable","17":"product-type-external"},"acf":[],"yoast_head":"<!-- This site is optimized with the Yoast SEO plugin v27.6 - https:\/\/yoast.com\/product\/yoast-seo-wordpress\/ -->\n<title>Easyclix : R\u00e9paration d&#039;ordinateur \u00e0 Chamonix<\/title>\n<meta name=\"robots\" content=\"index, follow, max-snippet:-1, max-image-preview:large, max-video-preview:-1\" \/>\n<link rel=\"canonical\" href=\"https:\/\/www.chamonix-planet.fr\/en\/produit\/easyclix-2\/\" \/>\n<meta property=\"og:locale\" content=\"en_US\" \/>\n<meta property=\"og:type\" content=\"article\" \/>\n<meta property=\"og:title\" content=\"Easyclix : R\u00e9paration d&#039;ordinateur \u00e0 Chamonix\" \/>\n<meta property=\"og:description\" content=\"Located in the heart of Chamonix, Easyclix is the undisputed leader in computer repairs. St\u00e9phane has years of experience and a passion for computers. Easyclix can repair and refurbish all types of computer: PC, Apple Mac OS or Linux systems.\" \/>\n<meta property=\"og:url\" content=\"https:\/\/www.chamonix-planet.fr\/en\/produit\/easyclix-2\/\" \/>\n<meta property=\"og:site_name\" content=\"Chamonix Planet\" \/>\n<meta property=\"article:publisher\" content=\"https:\/\/www.facebook.com\/chamonix.74\/\" \/>\n<meta property=\"article:modified_time\" content=\"2024-07-25T08:13:10+00:00\" \/>\n<meta property=\"og:image\" content=\"https:\/\/www.chamonix-planet.fr\/wp-content\/uploads\/2023\/10\/easy.png\" \/>\n\t<meta property=\"og:image:width\" content=\"1200\" \/>\n\t<meta property=\"og:image:height\" content=\"1200\" \/>\n\t<meta property=\"og:image:type\" content=\"image\/png\" \/>\n<meta name=\"twitter:card\" content=\"summary_large_image\" \/>\n<meta name=\"twitter:label1\" content=\"Est. reading time\" \/>\n\t<meta name=\"twitter:data1\" content=\"2 minutes\" \/>\n<script type=\"application\/ld+json\" class=\"yoast-schema-graph\">{\"@context\":\"https:\\\/\\\/schema.org\",\"@graph\":[{\"@type\":\"WebPage\",\"@id\":\"https:\\\/\\\/www.chamonix-planet.fr\\\/en\\\/produit\\\/easyclix-2\\\/\",\"url\":\"https:\\\/\\\/www.chamonix-planet.fr\\\/en\\\/produit\\\/easyclix-2\\\/\",\"name\":\"Easyclix : R\u00e9paration d'ordinateur \u00e0 Chamonix\",\"isPartOf\":{\"@id\":\"https:\\\/\\\/www.chamonix-planet.fr\\\/en\\\/#website\"},\"primaryImageOfPage\":{\"@id\":\"https:\\\/\\\/www.chamonix-planet.fr\\\/en\\\/produit\\\/easyclix-2\\\/#primaryimage\"},\"image\":{\"@id\":\"https:\\\/\\\/www.chamonix-planet.fr\\\/en\\\/produit\\\/easyclix-2\\\/#primaryimage\"},\"thumbnailUrl\":\"https:\\\/\\\/www.chamonix-planet.fr\\\/wp-content\\\/uploads\\\/2023\\\/10\\\/easy.png\",\"datePublished\":\"2024-07-25T08:13:09+00:00\",\"dateModified\":\"2024-07-25T08:13:10+00:00\",\"breadcrumb\":{\"@id\":\"https:\\\/\\\/www.chamonix-planet.fr\\\/en\\\/produit\\\/easyclix-2\\\/#breadcrumb\"},\"inLanguage\":\"en-US\",\"potentialAction\":[{\"@type\":\"ReadAction\",\"target\":[\"https:\\\/\\\/www.chamonix-planet.fr\\\/en\\\/produit\\\/easyclix-2\\\/\"]}]},{\"@type\":\"ImageObject\",\"inLanguage\":\"en-US\",\"@id\":\"https:\\\/\\\/www.chamonix-planet.fr\\\/en\\\/produit\\\/easyclix-2\\\/#primaryimage\",\"url\":\"https:\\\/\\\/www.chamonix-planet.fr\\\/wp-content\\\/uploads\\\/2023\\\/10\\\/easy.png\",\"contentUrl\":\"https:\\\/\\\/www.chamonix-planet.fr\\\/wp-content\\\/uploads\\\/2023\\\/10\\\/easy.png\",\"width\":1200,\"height\":1200},{\"@type\":\"BreadcrumbList\",\"@id\":\"https:\\\/\\\/www.chamonix-planet.fr\\\/en\\\/produit\\\/easyclix-2\\\/#breadcrumb\",\"itemListElement\":[{\"@type\":\"ListItem\",\"position\":1,\"name\":\"Chamonix\",\"item\":\"https:\\\/\\\/www.chamonix-planet.fr\\\/en\\\/home-2\\\/\"},{\"@type\":\"ListItem\",\"position\":2,\"name\":\"Best spots in Chamonix\",\"item\":\"https:\\\/\\\/www.chamonix-planet.fr\\\/en\\\/best-spots\\\/\"},{\"@type\":\"ListItem\",\"position\":3,\"name\":\"Easyclix\"}]},{\"@type\":\"WebSite\",\"@id\":\"https:\\\/\\\/www.chamonix-planet.fr\\\/en\\\/#website\",\"url\":\"https:\\\/\\\/www.chamonix-planet.fr\\\/en\\\/\",\"name\":\"Chamonix Planet\",\"description\":\"Tout Cham et sa plan\u00e8te !\",\"publisher\":{\"@id\":\"https:\\\/\\\/www.chamonix-planet.fr\\\/en\\\/#organization\"},\"potentialAction\":[{\"@type\":\"SearchAction\",\"target\":{\"@type\":\"EntryPoint\",\"urlTemplate\":\"https:\\\/\\\/www.chamonix-planet.fr\\\/en\\\/?s={search_term_string}\"},\"query-input\":{\"@type\":\"PropertyValueSpecification\",\"valueRequired\":true,\"valueName\":\"search_term_string\"}}],\"inLanguage\":\"en-US\"},{\"@type\":\"Organization\",\"@id\":\"https:\\\/\\\/www.chamonix-planet.fr\\\/en\\\/#organization\",\"name\":\"Chamonix Planet\",\"url\":\"https:\\\/\\\/www.chamonix-planet.fr\\\/en\\\/\",\"logo\":{\"@type\":\"ImageObject\",\"inLanguage\":\"en-US\",\"@id\":\"https:\\\/\\\/www.chamonix-planet.fr\\\/en\\\/#\\\/schema\\\/logo\\\/image\\\/\",\"url\":\"https:\\\/\\\/www.chamonix-planet.fr\\\/wp-content\\\/uploads\\\/2025\\\/02\\\/Logo-Chamonix-Planet-Bleu-fond-blanc.png\",\"contentUrl\":\"https:\\\/\\\/www.chamonix-planet.fr\\\/wp-content\\\/uploads\\\/2025\\\/02\\\/Logo-Chamonix-Planet-Bleu-fond-blanc.png\",\"width\":1500,\"height\":1113,\"caption\":\"Chamonix Planet\"},\"image\":{\"@id\":\"https:\\\/\\\/www.chamonix-planet.fr\\\/en\\\/#\\\/schema\\\/logo\\\/image\\\/\"},\"sameAs\":[\"https:\\\/\\\/www.facebook.com\\\/chamonix.74\\\/\"]}]}<\/script>\n<!-- \/ Yoast SEO plugin. -->","yoast_head_json":{"title":"Easyclix : R\u00e9paration d'ordinateur \u00e0 Chamonix","robots":{"index":"index","follow":"follow","max-snippet":"max-snippet:-1","max-image-preview":"max-image-preview:large","max-video-preview":"max-video-preview:-1"},"canonical":"https:\/\/www.chamonix-planet.fr\/en\/produit\/easyclix-2\/","og_locale":"en_US","og_type":"article","og_title":"Easyclix : R\u00e9paration d'ordinateur \u00e0 Chamonix","og_description":"Located in the heart of Chamonix, Easyclix is the undisputed leader in computer repairs. St\u00e9phane has years of experience and a passion for computers. Easyclix can repair and refurbish all types of computer: PC, Apple Mac OS or Linux systems.","og_url":"https:\/\/www.chamonix-planet.fr\/en\/produit\/easyclix-2\/","og_site_name":"Chamonix Planet","article_publisher":"https:\/\/www.facebook.com\/chamonix.74\/","article_modified_time":"2024-07-25T08:13:10+00:00","og_image":[{"width":1200,"height":1200,"url":"https:\/\/www.chamonix-planet.fr\/wp-content\/uploads\/2023\/10\/easy.png","type":"image\/png"}],"twitter_card":"summary_large_image","twitter_misc":{"Est. reading time":"2 minutes"},"schema":{"@context":"https:\/\/schema.org","@graph":[{"@type":"WebPage","@id":"https:\/\/www.chamonix-planet.fr\/en\/produit\/easyclix-2\/","url":"https:\/\/www.chamonix-planet.fr\/en\/produit\/easyclix-2\/","name":"Easyclix : R\u00e9paration d'ordinateur \u00e0 Chamonix","isPartOf":{"@id":"https:\/\/www.chamonix-planet.fr\/en\/#website"},"primaryImageOfPage":{"@id":"https:\/\/www.chamonix-planet.fr\/en\/produit\/easyclix-2\/#primaryimage"},"image":{"@id":"https:\/\/www.chamonix-planet.fr\/en\/produit\/easyclix-2\/#primaryimage"},"thumbnailUrl":"https:\/\/www.chamonix-planet.fr\/wp-content\/uploads\/2023\/10\/easy.png","datePublished":"2024-07-25T08:13:09+00:00","dateModified":"2024-07-25T08:13:10+00:00","breadcrumb":{"@id":"https:\/\/www.chamonix-planet.fr\/en\/produit\/easyclix-2\/#breadcrumb"},"inLanguage":"en-US","potentialAction":[{"@type":"ReadAction","target":["https:\/\/www.chamonix-planet.fr\/en\/produit\/easyclix-2\/"]}]},{"@type":"ImageObject","inLanguage":"en-US","@id":"https:\/\/www.chamonix-planet.fr\/en\/produit\/easyclix-2\/#primaryimage","url":"https:\/\/www.chamonix-planet.fr\/wp-content\/uploads\/2023\/10\/easy.png","contentUrl":"https:\/\/www.chamonix-planet.fr\/wp-content\/uploads\/2023\/10\/easy.png","width":1200,"height":1200},{"@type":"BreadcrumbList","@id":"https:\/\/www.chamonix-planet.fr\/en\/produit\/easyclix-2\/#breadcrumb","itemListElement":[{"@type":"ListItem","position":1,"name":"Chamonix","item":"https:\/\/www.chamonix-planet.fr\/en\/home-2\/"},{"@type":"ListItem","position":2,"name":"Best spots in Chamonix","item":"https:\/\/www.chamonix-planet.fr\/en\/best-spots\/"},{"@type":"ListItem","position":3,"name":"Easyclix"}]},{"@type":"WebSite","@id":"https:\/\/www.chamonix-planet.fr\/en\/#website","url":"https:\/\/www.chamonix-planet.fr\/en\/","name":"Chamonix Planet","description":"Tout Cham et sa plan\u00e8te !","publisher":{"@id":"https:\/\/www.chamonix-planet.fr\/en\/#organization"},"potentialAction":[{"@type":"SearchAction","target":{"@type":"EntryPoint","urlTemplate":"https:\/\/www.chamonix-planet.fr\/en\/?s={search_term_string}"},"query-input":{"@type":"PropertyValueSpecification","valueRequired":true,"valueName":"search_term_string"}}],"inLanguage":"en-US"},{"@type":"Organization","@id":"https:\/\/www.chamonix-planet.fr\/en\/#organization","name":"Chamonix Planet","url":"https:\/\/www.chamonix-planet.fr\/en\/","logo":{"@type":"ImageObject","inLanguage":"en-US","@id":"https:\/\/www.chamonix-planet.fr\/en\/#\/schema\/logo\/image\/","url":"https:\/\/www.chamonix-planet.fr\/wp-content\/uploads\/2025\/02\/Logo-Chamonix-Planet-Bleu-fond-blanc.png","contentUrl":"https:\/\/www.chamonix-planet.fr\/wp-content\/uploads\/2025\/02\/Logo-Chamonix-Planet-Bleu-fond-blanc.png","width":1500,"height":1113,"caption":"Chamonix Planet"},"image":{"@id":"https:\/\/www.chamonix-planet.fr\/en\/#\/schema\/logo\/image\/"},"sameAs":["https:\/\/www.facebook.com\/chamonix.74\/"]}]}},"_links":{"self":[{"href":"https:\/\/www.chamonix-planet.fr\/en\/wp-json\/wp\/v2\/product\/3909","targetHints":{"allow":["GET"]}}],"collection":[{"href":"https:\/\/www.chamonix-planet.fr\/en\/wp-json\/wp\/v2\/product"}],"about":[{"href":"https:\/\/www.chamonix-planet.fr\/en\/wp-json\/wp\/v2\/types\/product"}],"replies":[{"embeddable":true,"href":"https:\/\/www.chamonix-planet.fr\/en\/wp-json\/wp\/v2\/comments?post=3909"}],"wp:featuredmedia":[{"embeddable":true,"href":"https:\/\/www.chamonix-planet.fr\/en\/wp-json\/wp\/v2\/media\/3910"}],"wp:attachment":[{"href":"https:\/\/www.chamonix-planet.fr\/en\/wp-json\/wp\/v2\/media?parent=3909"}],"wp:term":[{"taxonomy":"product_brand","embeddable":true,"href":"https:\/\/www.chamonix-planet.fr\/en\/wp-json\/wp\/v2\/product_brand?post=3909"},{"taxonomy":"product_cat","embeddable":true,"href":"https:\/\/www.chamonix-planet.fr\/en\/wp-json\/wp\/v2\/product_cat?post=3909"},{"taxonomy":"product_tag","embeddable":true,"href":"https:\/\/www.chamonix-planet.fr\/en\/wp-json\/wp\/v2\/product_tag?post=3909"}],"curies":[{"name":"wp","href":"https:\/\/api.w.org\/{rel}","templated":true}]}}