{"id":3435,"date":"2022-09-30T17:36:56","date_gmt":"2022-09-30T16:36:56","guid":{"rendered":"https:\/\/www.chamonix-planet.fr\/?post_type=product&#038;p=3435"},"modified":"2025-05-24T00:29:53","modified_gmt":"2025-05-23T23:29:53","slug":"alpina","status":"publish","type":"product","link":"https:\/\/www.chamonix-planet.fr\/en\/produit\/alpina\/","title":{"rendered":"Alpina Hotel"},"content":{"rendered":"<p>The 4-star Alpina Hotel is ideally located in the centre of Chamonix and close to the pedestrian streets. The majority of the hotel&#8217;s rooms have a balcony with a superb view of the surrounding mountains (Mont Blanc or Br\u00e9vent massif). The hotel has 138 rooms.<\/p>\n<p>On the ground floor of the hotel, a shopping gallery allows you to do your shopping sheltered from the cold or bad weather. (decoration, furniture, shoes, sports&#8230;). Within the hotel, you will also find a ski rental shop, a guide company and the French Ski School (ESF).<\/p>\n<p>For entertainment after skiing or a long hike, you can meet in the lounge around the bar&#8217;s fireplace. A billiard room is also available for guests of the Alpina Chamonix. A relaxation and wellness area with SPA, hammam or Jaccuzzi also allows guests to unwind. The SPA area is also open to guests who are not staying at the hotel.<\/p>\n<p>Located in the centre of Chamonix, the Alpina Eclectic Hotel is close to the pedestrian streets for shopping. A bus stop at the foot of the hotel provides access to the valley&#8217;s ski areas (Domaine du Br\u00e9vent, La Fl\u00e9g\u00e8re, Grands Montets, Les Houches, etc.).<\/p>\n<p>&nbsp;<\/p>\n<p>The Alpina Eclectic Hotel Chamonix reopened in January 2017 after a period of renovation. The Alpina now has a 4 star rating. Come and discover or re-discover the Alpina after all the renovations (lobby, reception, rooms&#8230;). Discover below some pictures of the rooms and the bar area after renovation.<\/p>\n<h2>Panoramic Restaurant Le Vista<\/h2>\n<p>The Restaurant &#8220;Le Vista&#8221; is located on the top floor of the hotel and offers a 360\u00b0 view of the mountaineering capital and the surrounding peaks. For more information, please visit the Restaurant Le Vista page. If you would like a drink, you can also order a drink at the bar and enjoy the panoramic view.<\/p>\n<p>&nbsp;<\/p>\n<h2>Hotel Alpina Facilities<\/h2>\n<ul>\n<li>Free Wi-Fi internet connection<\/li>\n<li>Private parking (reservation required)<\/li>\n<li>Panoramic restaurant Le Vista<\/li>\n<li>Bar and lounge with fireplace<\/li>\n<li>Relaxation area (1 hammam, 1 sauna, changing room, 2 jacuzzis, 4 treatment rooms including 1 Duo room, 1 rest room)<\/li>\n<li>Ski room<\/li>\n<\/ul>\n<p>&nbsp;<\/p>\n<h2>Hotel address<\/h2>\n<p>Hotel Alpina, 79 Avenue du Mont Blanc, 74400 Chamonix-Mont-Blanc<\/p>\n<p>&nbsp;<\/p>\n<h2>Other information<\/h2>\n<ul>\n<li>Pets are allowed<\/li>\n<li>Family rooms can be booked<\/li>\n<li>24 hour reception<\/li>\n<\/ul>\n<p>Best Mont Blanc Hotels<\/p>\n<p>Hotel Alpina is part of the Best Mont Blanc group. Discover the other BMB hotels. Le Prieur\u00e9 is a large 3-star hotel with over 97 rooms located in the centre of Chamonix. La Croix Blanche is a smaller hotel with 35 rooms. It is also located in the heart of the resort centre.<\/p>\n","protected":false},"excerpt":{"rendered":"<p>The 4-star Alpina Hotel is ideally located in the centre of Chamonix and close to the pedestrian streets. The majority of the hotel&#8217;s rooms have a balcony with a superb view of the surrounding mountains (Mont Blanc or Br\u00e9vent massif). The hotel has 138 rooms. On the ground floor of the hotel, a shopping gallery [&hellip;]<\/p>\n","protected":false},"featured_media":3436,"comment_status":"open","ping_status":"closed","template":"","meta":{"_acf_changed":false,"site-sidebar-layout":"default","site-content-layout":"default","ast-site-content-layout":"default","site-content-style":"default","site-sidebar-style":"default","ast-global-header-display":"","ast-banner-title-visibility":"","ast-main-header-display":"","ast-hfb-above-header-display":"","ast-hfb-below-header-display":"","ast-hfb-mobile-header-display":"","site-post-title":"","ast-breadcrumbs-content":"","ast-featured-img":"","footer-sml-layout":"","ast-disable-related-posts":"","theme-transparent-header-meta":"default","adv-header-id-meta":"","stick-header-meta":"","header-above-stick-meta":"","header-main-stick-meta":"","header-below-stick-meta":"","astra-migrate-meta-layouts":"default","ast-page-background-enabled":"default","ast-page-background-meta":{"desktop":{"background-color":"var(--ast-global-color-4)","background-image":"","background-repeat":"repeat","background-position":"center center","background-size":"auto","background-attachment":"scroll","background-type":"","background-media":"","overlay-type":"","overlay-color":"","overlay-opacity":"","overlay-gradient":""},"tablet":{"background-color":"","background-image":"","background-repeat":"repeat","background-position":"center center","background-size":"auto","background-attachment":"scroll","background-type":"","background-media":"","overlay-type":"","overlay-color":"","overlay-opacity":"","overlay-gradient":""},"mobile":{"background-color":"","background-image":"","background-repeat":"repeat","background-position":"center center","background-size":"auto","background-attachment":"scroll","background-type":"","background-media":"","overlay-type":"","overlay-color":"","overlay-opacity":"","overlay-gradient":""}},"ast-content-background-meta":{"desktop":{"background-color":"var(--ast-global-color-5)","background-image":"","background-repeat":"repeat","background-position":"center center","background-size":"auto","background-attachment":"scroll","background-type":"","background-media":"","overlay-type":"","overlay-color":"","overlay-opacity":"","overlay-gradient":""},"tablet":{"background-color":"var(--ast-global-color-5)","background-image":"","background-repeat":"repeat","background-position":"center center","background-size":"auto","background-attachment":"scroll","background-type":"","background-media":"","overlay-type":"","overlay-color":"","overlay-opacity":"","overlay-gradient":""},"mobile":{"background-color":"var(--ast-global-color-5)","background-image":"","background-repeat":"repeat","background-position":"center center","background-size":"auto","background-attachment":"scroll","background-type":"","background-media":"","overlay-type":"","overlay-color":"","overlay-opacity":"","overlay-gradient":""}}},"product_brand":[],"product_cat":[82,76],"product_tag":[],"class_list":{"0":"post-3435","1":"product","2":"type-product","3":"status-publish","4":"has-post-thumbnail","6":"product_cat-4-star-hotel","7":"product_cat-accomodation","8":"desktop-align-center","9":"tablet-align-left","10":"mobile-align-left","11":"ast-product-gallery-layout-horizontal-slider","12":"ast-product-gallery-with-no-image","13":"ast-product-tabs-layout-horizontal","15":"first","16":"instock","17":"shipping-taxable","18":"product-type-external"},"acf":[],"yoast_head":"<!-- This site is optimized with the Yoast SEO plugin v27.5 - https:\/\/yoast.com\/product\/yoast-seo-wordpress\/ -->\n<title>Alpina Hotel - Chamonix Planet<\/title>\n<meta name=\"robots\" content=\"index, follow, max-snippet:-1, max-image-preview:large, max-video-preview:-1\" \/>\n<link rel=\"canonical\" href=\"https:\/\/www.chamonix-planet.fr\/en\/produit\/alpina\/\" \/>\n<meta property=\"og:locale\" content=\"en_US\" \/>\n<meta property=\"og:type\" content=\"article\" \/>\n<meta property=\"og:title\" content=\"Alpina Hotel - Chamonix Planet\" \/>\n<meta property=\"og:description\" content=\"The 4-star Alpina Hotel is ideally located in the centre of Chamonix and close to the pedestrian streets. The majority of the hotel&#8217;s rooms have a balcony with a superb view of the surrounding mountains (Mont Blanc or Br\u00e9vent massif). The hotel has 138 rooms. On the ground floor of the hotel, a shopping gallery [&hellip;]\" \/>\n<meta property=\"og:url\" content=\"https:\/\/www.chamonix-planet.fr\/en\/produit\/alpina\/\" \/>\n<meta property=\"og:site_name\" content=\"Chamonix Planet\" \/>\n<meta property=\"article:publisher\" content=\"https:\/\/www.facebook.com\/chamonix.74\/\" \/>\n<meta property=\"article:modified_time\" content=\"2025-05-23T23:29:53+00:00\" \/>\n<meta property=\"og:image\" content=\"https:\/\/www.chamonix-planet.fr\/wp-content\/uploads\/2022\/09\/Facade-Alpina-nuit-Copier-800x564-1.jpg\" \/>\n\t<meta property=\"og:image:width\" content=\"800\" \/>\n\t<meta property=\"og:image:height\" content=\"564\" \/>\n\t<meta property=\"og:image:type\" content=\"image\/jpeg\" \/>\n<meta name=\"twitter:card\" content=\"summary_large_image\" \/>\n<meta name=\"twitter:label1\" content=\"Est. reading time\" \/>\n\t<meta name=\"twitter:data1\" content=\"3 minutes\" \/>\n<script type=\"application\/ld+json\" class=\"yoast-schema-graph\">{\"@context\":\"https:\\\/\\\/schema.org\",\"@graph\":[{\"@type\":\"WebPage\",\"@id\":\"https:\\\/\\\/www.chamonix-planet.fr\\\/en\\\/produit\\\/alpina\\\/\",\"url\":\"https:\\\/\\\/www.chamonix-planet.fr\\\/en\\\/produit\\\/alpina\\\/\",\"name\":\"Alpina Hotel - Chamonix Planet\",\"isPartOf\":{\"@id\":\"https:\\\/\\\/www.chamonix-planet.fr\\\/en\\\/#website\"},\"primaryImageOfPage\":{\"@id\":\"https:\\\/\\\/www.chamonix-planet.fr\\\/en\\\/produit\\\/alpina\\\/#primaryimage\"},\"image\":{\"@id\":\"https:\\\/\\\/www.chamonix-planet.fr\\\/en\\\/produit\\\/alpina\\\/#primaryimage\"},\"thumbnailUrl\":\"https:\\\/\\\/www.chamonix-planet.fr\\\/wp-content\\\/uploads\\\/2022\\\/09\\\/Facade-Alpina-nuit-Copier-800x564-1.jpg\",\"datePublished\":\"2022-09-30T16:36:56+00:00\",\"dateModified\":\"2025-05-23T23:29:53+00:00\",\"breadcrumb\":{\"@id\":\"https:\\\/\\\/www.chamonix-planet.fr\\\/en\\\/produit\\\/alpina\\\/#breadcrumb\"},\"inLanguage\":\"en-US\",\"potentialAction\":[{\"@type\":\"ReadAction\",\"target\":[\"https:\\\/\\\/www.chamonix-planet.fr\\\/en\\\/produit\\\/alpina\\\/\"]}]},{\"@type\":\"ImageObject\",\"inLanguage\":\"en-US\",\"@id\":\"https:\\\/\\\/www.chamonix-planet.fr\\\/en\\\/produit\\\/alpina\\\/#primaryimage\",\"url\":\"https:\\\/\\\/www.chamonix-planet.fr\\\/wp-content\\\/uploads\\\/2022\\\/09\\\/Facade-Alpina-nuit-Copier-800x564-1.jpg\",\"contentUrl\":\"https:\\\/\\\/www.chamonix-planet.fr\\\/wp-content\\\/uploads\\\/2022\\\/09\\\/Facade-Alpina-nuit-Copier-800x564-1.jpg\",\"width\":800,\"height\":564},{\"@type\":\"BreadcrumbList\",\"@id\":\"https:\\\/\\\/www.chamonix-planet.fr\\\/en\\\/produit\\\/alpina\\\/#breadcrumb\",\"itemListElement\":[{\"@type\":\"ListItem\",\"position\":1,\"name\":\"Chamonix\",\"item\":\"https:\\\/\\\/www.chamonix-planet.fr\\\/en\\\/home-2\\\/\"},{\"@type\":\"ListItem\",\"position\":2,\"name\":\"Best spots in Chamonix\",\"item\":\"https:\\\/\\\/www.chamonix-planet.fr\\\/en\\\/best-spots\\\/\"},{\"@type\":\"ListItem\",\"position\":3,\"name\":\"Alpina Hotel\"}]},{\"@type\":\"WebSite\",\"@id\":\"https:\\\/\\\/www.chamonix-planet.fr\\\/en\\\/#website\",\"url\":\"https:\\\/\\\/www.chamonix-planet.fr\\\/en\\\/\",\"name\":\"Chamonix Planet\",\"description\":\"Tout Cham et sa plan\u00e8te !\",\"publisher\":{\"@id\":\"https:\\\/\\\/www.chamonix-planet.fr\\\/en\\\/#organization\"},\"potentialAction\":[{\"@type\":\"SearchAction\",\"target\":{\"@type\":\"EntryPoint\",\"urlTemplate\":\"https:\\\/\\\/www.chamonix-planet.fr\\\/en\\\/?s={search_term_string}\"},\"query-input\":{\"@type\":\"PropertyValueSpecification\",\"valueRequired\":true,\"valueName\":\"search_term_string\"}}],\"inLanguage\":\"en-US\"},{\"@type\":\"Organization\",\"@id\":\"https:\\\/\\\/www.chamonix-planet.fr\\\/en\\\/#organization\",\"name\":\"Chamonix Planet\",\"url\":\"https:\\\/\\\/www.chamonix-planet.fr\\\/en\\\/\",\"logo\":{\"@type\":\"ImageObject\",\"inLanguage\":\"en-US\",\"@id\":\"https:\\\/\\\/www.chamonix-planet.fr\\\/en\\\/#\\\/schema\\\/logo\\\/image\\\/\",\"url\":\"https:\\\/\\\/www.chamonix-planet.fr\\\/wp-content\\\/uploads\\\/2025\\\/02\\\/Logo-Chamonix-Planet-Bleu-fond-blanc.png\",\"contentUrl\":\"https:\\\/\\\/www.chamonix-planet.fr\\\/wp-content\\\/uploads\\\/2025\\\/02\\\/Logo-Chamonix-Planet-Bleu-fond-blanc.png\",\"width\":1500,\"height\":1113,\"caption\":\"Chamonix Planet\"},\"image\":{\"@id\":\"https:\\\/\\\/www.chamonix-planet.fr\\\/en\\\/#\\\/schema\\\/logo\\\/image\\\/\"},\"sameAs\":[\"https:\\\/\\\/www.facebook.com\\\/chamonix.74\\\/\"]}]}<\/script>\n<!-- \/ Yoast SEO plugin. -->","yoast_head_json":{"title":"Alpina Hotel - Chamonix Planet","robots":{"index":"index","follow":"follow","max-snippet":"max-snippet:-1","max-image-preview":"max-image-preview:large","max-video-preview":"max-video-preview:-1"},"canonical":"https:\/\/www.chamonix-planet.fr\/en\/produit\/alpina\/","og_locale":"en_US","og_type":"article","og_title":"Alpina Hotel - Chamonix Planet","og_description":"The 4-star Alpina Hotel is ideally located in the centre of Chamonix and close to the pedestrian streets. The majority of the hotel&#8217;s rooms have a balcony with a superb view of the surrounding mountains (Mont Blanc or Br\u00e9vent massif). The hotel has 138 rooms. On the ground floor of the hotel, a shopping gallery [&hellip;]","og_url":"https:\/\/www.chamonix-planet.fr\/en\/produit\/alpina\/","og_site_name":"Chamonix Planet","article_publisher":"https:\/\/www.facebook.com\/chamonix.74\/","article_modified_time":"2025-05-23T23:29:53+00:00","og_image":[{"width":800,"height":564,"url":"https:\/\/www.chamonix-planet.fr\/wp-content\/uploads\/2022\/09\/Facade-Alpina-nuit-Copier-800x564-1.jpg","type":"image\/jpeg"}],"twitter_card":"summary_large_image","twitter_misc":{"Est. reading time":"3 minutes"},"schema":{"@context":"https:\/\/schema.org","@graph":[{"@type":"WebPage","@id":"https:\/\/www.chamonix-planet.fr\/en\/produit\/alpina\/","url":"https:\/\/www.chamonix-planet.fr\/en\/produit\/alpina\/","name":"Alpina Hotel - Chamonix Planet","isPartOf":{"@id":"https:\/\/www.chamonix-planet.fr\/en\/#website"},"primaryImageOfPage":{"@id":"https:\/\/www.chamonix-planet.fr\/en\/produit\/alpina\/#primaryimage"},"image":{"@id":"https:\/\/www.chamonix-planet.fr\/en\/produit\/alpina\/#primaryimage"},"thumbnailUrl":"https:\/\/www.chamonix-planet.fr\/wp-content\/uploads\/2022\/09\/Facade-Alpina-nuit-Copier-800x564-1.jpg","datePublished":"2022-09-30T16:36:56+00:00","dateModified":"2025-05-23T23:29:53+00:00","breadcrumb":{"@id":"https:\/\/www.chamonix-planet.fr\/en\/produit\/alpina\/#breadcrumb"},"inLanguage":"en-US","potentialAction":[{"@type":"ReadAction","target":["https:\/\/www.chamonix-planet.fr\/en\/produit\/alpina\/"]}]},{"@type":"ImageObject","inLanguage":"en-US","@id":"https:\/\/www.chamonix-planet.fr\/en\/produit\/alpina\/#primaryimage","url":"https:\/\/www.chamonix-planet.fr\/wp-content\/uploads\/2022\/09\/Facade-Alpina-nuit-Copier-800x564-1.jpg","contentUrl":"https:\/\/www.chamonix-planet.fr\/wp-content\/uploads\/2022\/09\/Facade-Alpina-nuit-Copier-800x564-1.jpg","width":800,"height":564},{"@type":"BreadcrumbList","@id":"https:\/\/www.chamonix-planet.fr\/en\/produit\/alpina\/#breadcrumb","itemListElement":[{"@type":"ListItem","position":1,"name":"Chamonix","item":"https:\/\/www.chamonix-planet.fr\/en\/home-2\/"},{"@type":"ListItem","position":2,"name":"Best spots in Chamonix","item":"https:\/\/www.chamonix-planet.fr\/en\/best-spots\/"},{"@type":"ListItem","position":3,"name":"Alpina Hotel"}]},{"@type":"WebSite","@id":"https:\/\/www.chamonix-planet.fr\/en\/#website","url":"https:\/\/www.chamonix-planet.fr\/en\/","name":"Chamonix Planet","description":"Tout Cham et sa plan\u00e8te !","publisher":{"@id":"https:\/\/www.chamonix-planet.fr\/en\/#organization"},"potentialAction":[{"@type":"SearchAction","target":{"@type":"EntryPoint","urlTemplate":"https:\/\/www.chamonix-planet.fr\/en\/?s={search_term_string}"},"query-input":{"@type":"PropertyValueSpecification","valueRequired":true,"valueName":"search_term_string"}}],"inLanguage":"en-US"},{"@type":"Organization","@id":"https:\/\/www.chamonix-planet.fr\/en\/#organization","name":"Chamonix Planet","url":"https:\/\/www.chamonix-planet.fr\/en\/","logo":{"@type":"ImageObject","inLanguage":"en-US","@id":"https:\/\/www.chamonix-planet.fr\/en\/#\/schema\/logo\/image\/","url":"https:\/\/www.chamonix-planet.fr\/wp-content\/uploads\/2025\/02\/Logo-Chamonix-Planet-Bleu-fond-blanc.png","contentUrl":"https:\/\/www.chamonix-planet.fr\/wp-content\/uploads\/2025\/02\/Logo-Chamonix-Planet-Bleu-fond-blanc.png","width":1500,"height":1113,"caption":"Chamonix Planet"},"image":{"@id":"https:\/\/www.chamonix-planet.fr\/en\/#\/schema\/logo\/image\/"},"sameAs":["https:\/\/www.facebook.com\/chamonix.74\/"]}]}},"_links":{"self":[{"href":"https:\/\/www.chamonix-planet.fr\/en\/wp-json\/wp\/v2\/product\/3435","targetHints":{"allow":["GET"]}}],"collection":[{"href":"https:\/\/www.chamonix-planet.fr\/en\/wp-json\/wp\/v2\/product"}],"about":[{"href":"https:\/\/www.chamonix-planet.fr\/en\/wp-json\/wp\/v2\/types\/product"}],"replies":[{"embeddable":true,"href":"https:\/\/www.chamonix-planet.fr\/en\/wp-json\/wp\/v2\/comments?post=3435"}],"wp:featuredmedia":[{"embeddable":true,"href":"https:\/\/www.chamonix-planet.fr\/en\/wp-json\/wp\/v2\/media\/3436"}],"wp:attachment":[{"href":"https:\/\/www.chamonix-planet.fr\/en\/wp-json\/wp\/v2\/media?parent=3435"}],"wp:term":[{"taxonomy":"product_brand","embeddable":true,"href":"https:\/\/www.chamonix-planet.fr\/en\/wp-json\/wp\/v2\/product_brand?post=3435"},{"taxonomy":"product_cat","embeddable":true,"href":"https:\/\/www.chamonix-planet.fr\/en\/wp-json\/wp\/v2\/product_cat?post=3435"},{"taxonomy":"product_tag","embeddable":true,"href":"https:\/\/www.chamonix-planet.fr\/en\/wp-json\/wp\/v2\/product_tag?post=3435"}],"curies":[{"name":"wp","href":"https:\/\/api.w.org\/{rel}","templated":true}]}}